{"id":946,"date":"2021-09-22T10:26:55","date_gmt":"2021-09-22T10:26:55","guid":{"rendered":"https:\/\/stage.startertemplatecloud.com\/g15\/?page_id=946"},"modified":"2026-02-04T23:33:36","modified_gmt":"2026-02-04T23:33:36","slug":"about","status":"publish","type":"page","link":"https:\/\/roofreplacementsservice.com\/en\/about\/","title":{"rendered":"we"},"content":{"rendered":"<style>.kb-row-layout-id946_04352d-95 > .kt-row-column-wrap{align-content:start;}:where(.kb-row-layout-id946_04352d-95 > .kt-row-column-wrap) > .wp-block-kadence-column{justify-content:start;}.kb-row-layout-id946_04352d-95 > .kt-row-column-wrap{column-gap:var(--global-kb-gap-md, 2rem);row-gap:var(--global-kb-gap-md, 2rem);max-width:600px;margin-left:auto;margin-right:auto;padding-top:53px;padding-right:0px;padding-bottom:26px;padding-left:0px;grid-template-columns:minmax(0, 1fr);}.kb-row-layout-id946_04352d-95 > .kt-row-layout-overlay{opacity:0.70;background-image:url('https:\/\/roofreplacementsservice.com\/wp-content\/uploads\/2021\/04\/bg-0.png');background-size:cover;background-position:50% 50%;background-attachment:fixed;background-repeat:no-repeat;}@media all and (max-width: 1024px), only screen and (min-device-width: 1024px) and (max-device-width: 1366px) and (-webkit-min-device-pixel-ratio: 2) and (hover: none){.kb-row-layout-id946_04352d-95 > .kt-row-layout-overlay{background-attachment:scroll;}}@media all and (max-width: 1024px){.kb-row-layout-id946_04352d-95 > .kt-row-column-wrap{padding-top:140px;padding-right:0px;padding-bottom:80px;padding-left:0px;grid-template-columns:minmax(0, 1fr);}}@media all and (max-width: 767px){.kb-row-layout-id946_04352d-95 > .kt-row-column-wrap{padding-top:120px;padding-right:20px;padding-bottom:50px;padding-left:20px;grid-template-columns:minmax(0, 1fr);}}<\/style><div class=\"kb-row-layout-wrap kb-row-layout-id946_04352d-95 alignnone has-theme-palette8-background-color kt-row-has-bg wp-block-kadence-rowlayout\"><div class=\"kt-row-layout-overlay kt-row-overlay-normal\"><\/div><div class=\"kt-row-column-wrap kt-has-1-columns kt-row-layout-equal kt-tab-layout-inherit kt-mobile-layout-row kt-row-valign-top\">\n<style>.kadence-column946_af56d0-47 > .kt-inside-inner-col{padding-top:10px;padding-right:10px;padding-bottom:10px;padding-left:10px;}.kadence-column946_af56d0-47 > .kt-inside-inner-col,.kadence-column946_af56d0-47 > .kt-inside-inner-col:before{border-top-left-radius:0px;border-top-right-radius:0px;border-bottom-right-radius:0px;border-bottom-left-radius:0px;}.kadence-column946_af56d0-47 > .kt-inside-inner-col{column-gap:var(--global-kb-gap-sm, 1rem);}.kadence-column946_af56d0-47 > .kt-inside-inner-col{flex-direction:column;}.kadence-column946_af56d0-47 > .kt-inside-inner-col > .aligncenter{width:100%;}.kadence-column946_af56d0-47 > .kt-inside-inner-col:before{opacity:0.3;}.kadence-column946_af56d0-47{position:relative;}@media all and (max-width: 1024px){.kadence-column946_af56d0-47 > .kt-inside-inner-col{flex-direction:column;justify-content:center;}}@media all and (max-width: 767px){.kadence-column946_af56d0-47 > .kt-inside-inner-col{flex-direction:column;justify-content:center;}}<\/style>\n<div class=\"wp-block-kadence-column kadence-column946_af56d0-47 inner-column-1\"><div class=\"kt-inside-inner-col\">\n<h2 class=\"wp-block-heading has-text-align-center has--font-size has-theme-palette-1-color has-text-color has-link-color wp-elements-c499fe36ff078e6705a6a803d89bac48\">About Us<\/h2>\n\n\n\n<p class=\"has-text-align-center\"> Transforming roofs and protecting homes. At ROOF Replacement and Repair, excellence is not optional, it's our guarantee.<\/p>\n<\/div><\/div>\n\n<\/div><\/div>\n\n\n<div class=\"wp-block-columns is-layout-flex wp-container-core-columns-is-layout-9d6595d7 wp-block-columns-is-layout-flex\">\n<div class=\"wp-block-column is-layout-flow wp-block-column-is-layout-flow\"><style>.kadence-column946_66326d-24 > .kt-inside-inner-col,.kadence-column946_66326d-24 > .kt-inside-inner-col:before{border-top-left-radius:0px;border-top-right-radius:0px;border-bottom-right-radius:0px;border-bottom-left-radius:0px;}.kadence-column946_66326d-24 > .kt-inside-inner-col{column-gap:var(--global-kb-gap-sm, 1rem);}.kadence-column946_66326d-24 > .kt-inside-inner-col{flex-direction:column;}.kadence-column946_66326d-24 > .kt-inside-inner-col > .aligncenter{width:100%;}.kadence-column946_66326d-24 > .kt-inside-inner-col:before{opacity:0.3;}.kadence-column946_66326d-24{text-align:center;}.kadence-column946_66326d-24{position:relative;}@media all and (max-width: 1024px){.kadence-column946_66326d-24 > .kt-inside-inner-col{flex-direction:column;justify-content:center;}}@media all and (max-width: 767px){.kadence-column946_66326d-24 > .kt-inside-inner-col{flex-direction:column;justify-content:center;}}<\/style>\n<div class=\"wp-block-kadence-column kadence-column946_66326d-24\"><div class=\"kt-inside-inner-col\">\n<p><strong>Years of Experience<\/strong> +5000<strong>Installed Ceilings<\/strong> 100%<strong>Customer Satisfaction<\/strong> 24\/7<strong>Emergencies<\/strong><\/p>\n<\/div><\/div>\n<\/div>\n<\/div>\n\n\n<style>.kb-row-layout-id946_3a898c-1d > .kt-row-column-wrap{align-content:center;}:where(.kb-row-layout-id946_3a898c-1d > .kt-row-column-wrap) > .wp-block-kadence-column{justify-content:center;}.kb-row-layout-id946_3a898c-1d > .kt-row-column-wrap{column-gap:var(--global-kb-gap-none, 0rem );row-gap:var(--global-kb-gap-none, 0rem );max-width:var( --global-content-width, 1290px );padding-left:var(--global-content-edge-padding);padding-right:var(--global-content-edge-padding);padding-top:26px;padding-right:0px;padding-bottom:57px;padding-left:0px;grid-template-columns:minmax(0, 1fr) minmax(0, 2fr);}.kb-row-layout-id946_3a898c-1d > .kt-row-layout-overlay{opacity:0.30;}@media all and (max-width: 1024px){.kb-row-layout-id946_3a898c-1d > .kt-row-column-wrap{padding-top:90px;padding-right:30px;padding-bottom:0px;padding-left:30px;grid-template-columns:minmax(0, 1fr);}}@media all and (max-width: 767px){.kb-row-layout-id946_3a898c-1d > .kt-row-column-wrap{padding-top:0px;padding-right:20px;padding-bottom:70px;padding-left:20px;grid-template-columns:minmax(0, 1fr);}}<\/style><div class=\"kb-row-layout-wrap kb-row-layout-id946_3a898c-1d alignnone wp-block-kadence-rowlayout\"><div class=\"kt-row-column-wrap kt-has-2-columns kt-row-layout-right-golden kt-tab-layout-row kt-mobile-layout-row kt-row-valign-middle kb-theme-content-width\">\n<style>.kadence-column946_7b1372-5d > .kt-inside-inner-col{padding-top:10px;padding-right:10px;padding-bottom:10px;padding-left:10px;}.kadence-column946_7b1372-5d > .kt-inside-inner-col,.kadence-column946_7b1372-5d > .kt-inside-inner-col:before{border-top-left-radius:0px;border-top-right-radius:0px;border-bottom-right-radius:0px;border-bottom-left-radius:0px;}.kadence-column946_7b1372-5d > .kt-inside-inner-col{column-gap:var(--global-kb-gap-sm, 1rem);}.kadence-column946_7b1372-5d > .kt-inside-inner-col{flex-direction:column;}.kadence-column946_7b1372-5d > .kt-inside-inner-col > .aligncenter{width:100%;}.kadence-column946_7b1372-5d > .kt-inside-inner-col:before{opacity:0.3;}.kadence-column946_7b1372-5d{position:relative;}.kadence-column946_7b1372-5d, .kt-inside-inner-col > .kadence-column946_7b1372-5d:not(.specificity){margin-top:0px;margin-right:100px;margin-bottom:0px;margin-left:0px;}@media all and (max-width: 1024px){.kadence-column946_7b1372-5d > .kt-inside-inner-col{flex-direction:column;justify-content:center;}}@media all and (max-width: 1024px){.kadence-column946_7b1372-5d, .kt-inside-inner-col > .kadence-column946_7b1372-5d:not(.specificity){margin-top:0px;margin-right:0px;margin-bottom:0px;margin-left:0px;}}@media all and (max-width: 767px){.kadence-column946_7b1372-5d > .kt-inside-inner-col{padding-top:0px;padding-right:0px;padding-bottom:0px;padding-left:0px;flex-direction:column;justify-content:center;}.kadence-column946_7b1372-5d, .kt-inside-inner-col > .kadence-column946_7b1372-5d:not(.specificity){margin-top:70px;margin-right:0px;margin-bottom:0px;margin-left:0px;}}<\/style>\n<div class=\"wp-block-kadence-column kadence-column946_7b1372-5d inner-column-1\"><div class=\"kt-inside-inner-col\">\n<figure class=\"wp-block-video\"><video height=\"848\" style=\"aspect-ratio: 480 \/ 848;\" width=\"480\" autoplay controls muted poster=\"https:\/\/roofreplacementsservice.com\/wp-content\/uploads\/2026\/01\/WhatsApp-Image-2026-01-20-at-1.21.29-PM.jpeg\" src=\"https:\/\/roofreplacementsservice.com\/wp-content\/uploads\/2026\/02\/WhatsApp-Video-2026-01-20-at-1.46.14-PM.mp4\" playsinline><\/video><\/figure>\n<\/div><\/div>\n\n\n<style>.kadence-column946_86ab51-91 > .kt-inside-inner-col{padding-top:10px;padding-right:10px;padding-bottom:10px;padding-left:10px;}.kadence-column946_86ab51-91 > .kt-inside-inner-col,.kadence-column946_86ab51-91 > .kt-inside-inner-col:before{border-top-left-radius:0px;border-top-right-radius:0px;border-bottom-right-radius:0px;border-bottom-left-radius:0px;}.kadence-column946_86ab51-91 > .kt-inside-inner-col{column-gap:var(--global-kb-gap-sm, 1rem);}.kadence-column946_86ab51-91 > .kt-inside-inner-col{flex-direction:column;}.kadence-column946_86ab51-91 > .kt-inside-inner-col > .aligncenter{width:100%;}.kadence-column946_86ab51-91 > .kt-inside-inner-col:before{opacity:0.3;}.kadence-column946_86ab51-91{position:relative;}.kadence-column946_86ab51-91, .kt-inside-inner-col > .kadence-column946_86ab51-91:not(.specificity){margin-top:0px;margin-right:120px;margin-bottom:0px;margin-left:0px;}@media all and (max-width: 1024px){.kadence-column946_86ab51-91 > .kt-inside-inner-col{padding-top:50px;padding-right:40px;padding-bottom:70px;padding-left:40px;flex-direction:column;justify-content:center;}}@media all and (max-width: 1024px){.kadence-column946_86ab51-91, .kt-inside-inner-col > .kadence-column946_86ab51-91:not(.specificity){margin-top:0px;margin-right:0px;margin-bottom:0px;margin-left:0px;}}@media all and (max-width: 767px){.kadence-column946_86ab51-91 > .kt-inside-inner-col{padding-top:0px;padding-right:0px;padding-bottom:0px;padding-left:0px;flex-direction:column;justify-content:center;}.kadence-column946_86ab51-91, .kt-inside-inner-col > .kadence-column946_86ab51-91:not(.specificity){margin-top:30px;margin-right:0px;margin-bottom:0px;margin-left:0px;}}<\/style>\n<div class=\"wp-block-kadence-column kadence-column946_86ab51-91 inner-column-2\"><div class=\"kt-inside-inner-col\">\n<h2 class=\"wp-block-heading has-text-align-center\">Our History<\/h2>\n\n\n\n<h3 class=\"wp-block-heading\">\u201cA Trajectory Forged in Quality and Trust\u201d.\u201d<\/h3>\n\n\n\n<p>Roof Replacement and Repair was born over twenty years ago with a simple but powerful purpose: to protect homes and build roofs that last a lifetime.<br>What started as a small family dream, full of effort, passion and desire to do things well, grew step by step to become a company recognized for its quality and dedication.<\/p>\n\n\n\n<p>Throughout these two decades, we have perfected our techniques, expanded our services and strengthened our values. Each project, large or small, has been an opportunity to demonstrate that our commitment goes beyond installing a roof: it is about taking care of the families who trust us.<\/p>\n\n\n\n<p>Today, with pride and experience, we continue working with the same dedication of the first day, offering durable solutions, premium materials and a close and honest attention.<br>Because for us, a roof is not only a job...<br>is a responsibility and an honor.<\/p>\n<\/div><\/div>\n\n<\/div><\/div>\n\n<style>.kb-row-layout-id946_09508f-69 > .kt-row-column-wrap{align-content:center;}:where(.kb-row-layout-id946_09508f-69 > .kt-row-column-wrap) > .wp-block-kadence-column{justify-content:center;}.kb-row-layout-id946_09508f-69 > .kt-row-column-wrap{column-gap:var(--global-kb-gap-md, 2rem);row-gap:var(--global-kb-gap-md, 2rem);max-width:var( --global-content-width, 1290px );padding-left:var(--global-content-edge-padding);padding-right:var(--global-content-edge-padding);padding-top:46px;padding-right:0px;padding-bottom:28px;padding-left:0px;grid-template-columns:minmax(0, 1fr);}.kb-row-layout-id946_09508f-69 > .kt-row-layout-overlay{opacity:0.57;background-image:url('https:\/\/roofreplacementsservice.com\/wp-content\/uploads\/2021\/04\/bg-0.png');background-size:cover;background-position:center center;background-attachment:scroll;background-repeat:no-repeat;}.kb-row-layout-id946_09508f-69 .kt-row-layout-bottom-sep{height:88px;}.kb-row-layout-id946_09508f-69 .kt-row-layout-bottom-sep svg{width:110%;}.kb-row-layout-id946_09508f-69 .kt-row-layout-bottom-sep svg{fill:var(--global-palette9, #ffffff)!important;}.kb-row-layout-id946_09508f-69 .kt-row-layout-top-sep{height:75px;}.kb-row-layout-id946_09508f-69 .kt-row-layout-top-sep svg{width:121%;}.kb-row-layout-id946_09508f-69 .kt-row-layout-top-sep svg{fill:var(--global-palette9, #ffffff)!important;}@media all and (max-width: 1024px){.kb-row-layout-id946_09508f-69 > .kt-row-column-wrap{padding-top:120px;padding-right:30px;padding-bottom:100px;padding-left:30px;grid-template-columns:minmax(0, 1fr);}}@media all and (max-width: 1024px){.kb-row-layout-id946_09508f-69 .kt-row-layout-bottom-sep{height:px;}}@media all and (max-width: 1024px){.kb-row-layout-id946_09508f-69 .kt-row-layout-bottom-sep svg{width:%;}}@media all and (max-width: 767px){.kb-row-layout-wrap.wp-block-kadence-rowlayout.kb-row-layout-id946_09508f-69{margin-top:0px;margin-bottom:0px;}.kb-row-layout-id946_09508f-69 > .kt-row-column-wrap{padding-top:80px;padding-right:20px;padding-bottom:70px;padding-left:20px;grid-template-columns:minmax(0, 1fr);}.kb-row-layout-id946_09508f-69 .kt-row-layout-bottom-sep{height:px;}.kb-row-layout-id946_09508f-69 .kt-row-layout-bottom-sep svg{width:%;}}<\/style><div class=\"kb-row-layout-wrap kb-row-layout-id946_09508f-69 alignnone has-theme-palette8-background-color kt-row-has-bg wp-block-kadence-rowlayout\"><div class=\"kt-row-layout-overlay kt-row-overlay-normal\"><\/div><div class=\"kt-row-layout-top-sep kt-row-sep-type-crvri\"><svg viewbox=\"0 0 1000 100\" preserveaspectratio=\"none\"><path d=\"M1000,0c0,0 -120.987,98 -350,98c-229.013,0 -650,-98 -650,-98l0,100l1000,0l0,-100Z\" \/><\/svg><\/div><div class=\"kt-row-layout-bottom-sep kt-row-sep-type-crvli\"><svg viewbox=\"0 0 1000 100\" preserveaspectratio=\"none\"><path d=\"M1000,0c0,0 -420.987,98 -650,98c-229.013,0 -350,-98 -350,-98l0,100l1000,0l0,-100Z\" \/><\/svg><\/div><div class=\"kt-row-column-wrap kt-has-1-columns kt-row-layout-equal kt-tab-layout-inherit kt-mobile-layout-row kt-row-valign-middle kb-theme-content-width\">\n<style>.kadence-column946_4d9e1f-b7 > .kt-inside-inner-col{padding-top:0px;padding-right:0px;padding-bottom:0px;padding-left:0px;}.kadence-column946_4d9e1f-b7 > .kt-inside-inner-col,.kadence-column946_4d9e1f-b7 > .kt-inside-inner-col:before{border-top-left-radius:0px;border-top-right-radius:0px;border-bottom-right-radius:0px;border-bottom-left-radius:0px;}.kadence-column946_4d9e1f-b7 > .kt-inside-inner-col{column-gap:var(--global-kb-gap-sm, 1rem);}.kadence-column946_4d9e1f-b7 > .kt-inside-inner-col{flex-direction:column;}.kadence-column946_4d9e1f-b7 > .kt-inside-inner-col > .aligncenter{width:100%;}.kadence-column946_4d9e1f-b7 > .kt-inside-inner-col:before{opacity:0.3;}.kadence-column946_4d9e1f-b7{position:relative;}@media all and (max-width: 1024px){.kadence-column946_4d9e1f-b7 > .kt-inside-inner-col{flex-direction:column;justify-content:center;}}@media all and (max-width: 767px){.kadence-column946_4d9e1f-b7 > .kt-inside-inner-col{flex-direction:column;justify-content:center;}}<\/style>\n<div class=\"wp-block-kadence-column kadence-column946_4d9e1f-b7 inner-column-1\"><div class=\"kt-inside-inner-col\"><style>.kb-row-layout-id946_7a1458-f9 > .kt-row-column-wrap{align-content:start;}:where(.kb-row-layout-id946_7a1458-f9 > .kt-row-column-wrap) > .wp-block-kadence-column{justify-content:start;}.kb-row-layout-id946_7a1458-f9 > .kt-row-column-wrap{column-gap:var(--global-kb-gap-md, 2rem);row-gap:var(--global-kb-gap-md, 2rem);max-width:500px;margin-left:auto;margin-right:auto;padding-top:0px;padding-right:0px;padding-bottom:0px;padding-left:0px;grid-template-columns:minmax(0, 1fr);}.kb-row-layout-id946_7a1458-f9 > .kt-row-layout-overlay{opacity:0.30;}@media all and (max-width: 1024px){.kb-row-layout-id946_7a1458-f9 > .kt-row-column-wrap{grid-template-columns:minmax(0, 1fr);}}@media all and (max-width: 767px){.kb-row-layout-id946_7a1458-f9 > .kt-row-column-wrap{grid-template-columns:minmax(0, 1fr);}}<\/style><div class=\"kb-row-layout-wrap kb-row-layout-id946_7a1458-f9 alignnone wp-block-kadence-rowlayout\"><div class=\"kt-row-column-wrap kt-has-1-columns kt-row-layout-equal kt-tab-layout-inherit kt-mobile-layout-row kt-row-valign-top\">\n<style>.kadence-column946_37d788-fd > .kt-inside-inner-col{padding-top:10px;padding-right:10px;padding-bottom:10px;padding-left:10px;}.kadence-column946_37d788-fd > .kt-inside-inner-col,.kadence-column946_37d788-fd > .kt-inside-inner-col:before{border-top-left-radius:0px;border-top-right-radius:0px;border-bottom-right-radius:0px;border-bottom-left-radius:0px;}.kadence-column946_37d788-fd > .kt-inside-inner-col{column-gap:var(--global-kb-gap-sm, 1rem);}.kadence-column946_37d788-fd > .kt-inside-inner-col{flex-direction:column;}.kadence-column946_37d788-fd > .kt-inside-inner-col > .aligncenter{width:100%;}.kadence-column946_37d788-fd > .kt-inside-inner-col:before{opacity:0.3;}.kadence-column946_37d788-fd{position:relative;}@media all and (max-width: 1024px){.kadence-column946_37d788-fd > .kt-inside-inner-col{flex-direction:column;justify-content:center;}}@media all and (max-width: 767px){.kadence-column946_37d788-fd > .kt-inside-inner-col{flex-direction:column;justify-content:center;}}<\/style>\n<div class=\"wp-block-kadence-column kadence-column946_37d788-fd inner-column-1\"><div class=\"kt-inside-inner-col\"><style>.wp-block-kadence-advancedheading.kt-adv-heading946_16cfdb-f3, .wp-block-kadence-advancedheading.kt-adv-heading946_16cfdb-f3[data-kb-block=\"kb-adv-heading946_16cfdb-f3\"]{margin-bottom:40px;text-align:center;line-height:1em;font-style:normal;}.wp-block-kadence-advancedheading.kt-adv-heading946_16cfdb-f3 mark.kt-highlight, .wp-block-kadence-advancedheading.kt-adv-heading946_16cfdb-f3[data-kb-block=\"kb-adv-heading946_16cfdb-f3\"] mark.kt-highlight{font-style:normal;color:#f76a0c;-webkit-box-decoration-break:clone;box-decoration-break:clone;padding-top:0px;padding-right:0px;padding-bottom:0px;padding-left:0px;}.wp-block-kadence-advancedheading.kt-adv-heading946_16cfdb-f3 img.kb-inline-image, .wp-block-kadence-advancedheading.kt-adv-heading946_16cfdb-f3[data-kb-block=\"kb-adv-heading946_16cfdb-f3\"] img.kb-inline-image{width:150px;vertical-align:baseline;}<\/style>\n<h2 class=\"kt-adv-heading946_16cfdb-f3 wp-block-kadence-advancedheading\" data-kb-block=\"kb-adv-heading946_16cfdb-f3\">OUR TEAM<\/h2>\n\n\n<style>.wp-block-kadence-advancedheading.kt-adv-heading946_a6d787-5e, .wp-block-kadence-advancedheading.kt-adv-heading946_a6d787-5e[data-kb-block=\"kb-adv-heading946_a6d787-5e\"]{text-align:center;font-style:normal;}.wp-block-kadence-advancedheading.kt-adv-heading946_a6d787-5e mark.kt-highlight, .wp-block-kadence-advancedheading.kt-adv-heading946_a6d787-5e[data-kb-block=\"kb-adv-heading946_a6d787-5e\"] mark.kt-highlight{font-style:normal;color:#f76a0c;-webkit-box-decoration-break:clone;box-decoration-break:clone;padding-top:0px;padding-right:0px;padding-bottom:0px;padding-left:0px;}.wp-block-kadence-advancedheading.kt-adv-heading946_a6d787-5e img.kb-inline-image, .wp-block-kadence-advancedheading.kt-adv-heading946_a6d787-5e[data-kb-block=\"kb-adv-heading946_a6d787-5e\"] img.kb-inline-image{width:150px;vertical-align:baseline;}<\/style>\n<p class=\"kt-adv-heading946_a6d787-5e wp-block-kadence-advancedheading\" data-kb-block=\"kb-adv-heading946_a6d787-5e\">Ready for a roof that lasts a lifetime?<br>Request a free, no-obligation inspection today. Our experts will evaluate the current state of your property and give you the best solution.<\/p>\n<\/div><\/div>\n\n\n<style>.kadence-column946_f0e3df-99 > .kt-inside-inner-col,.kadence-column946_f0e3df-99 > .kt-inside-inner-col:before{border-top-left-radius:0px;border-top-right-radius:0px;border-bottom-right-radius:0px;border-bottom-left-radius:0px;}.kadence-column946_f0e3df-99 > .kt-inside-inner-col{column-gap:var(--global-kb-gap-sm, 1rem);}.kadence-column946_f0e3df-99 > .kt-inside-inner-col{flex-direction:column;}.kadence-column946_f0e3df-99 > .kt-inside-inner-col > .aligncenter{width:100%;}.kadence-column946_f0e3df-99 > .kt-inside-inner-col:before{opacity:0.3;}.kadence-column946_f0e3df-99{position:relative;}@media all and (max-width: 1024px){.kadence-column946_f0e3df-99 > .kt-inside-inner-col{flex-direction:column;justify-content:center;}}@media all and (max-width: 767px){.kadence-column946_f0e3df-99 > .kt-inside-inner-col{flex-direction:column;justify-content:center;}}<\/style>\n<div class=\"wp-block-kadence-column kadence-column946_f0e3df-99\"><div class=\"kt-inside-inner-col\">\n<figure class=\"wp-block-image size-large\"><img loading=\"lazy\" decoding=\"async\" width=\"819\" height=\"1024\" src=\"https:\/\/roofreplacementsservice.com\/wp-content\/uploads\/2026\/02\/WhatsApp-Image-2026-01-20-at-1.21.29-PM-1-1-819x1024.jpeg\" alt=\"\" class=\"wp-image-1429\" srcset=\"https:\/\/roofreplacementsservice.com\/wp-content\/uploads\/2026\/02\/WhatsApp-Image-2026-01-20-at-1.21.29-PM-1-1-819x1024.jpeg 819w, https:\/\/roofreplacementsservice.com\/wp-content\/uploads\/2026\/02\/WhatsApp-Image-2026-01-20-at-1.21.29-PM-1-1-240x300.jpeg 240w, https:\/\/roofreplacementsservice.com\/wp-content\/uploads\/2026\/02\/WhatsApp-Image-2026-01-20-at-1.21.29-PM-1-1-768x960.jpeg 768w, https:\/\/roofreplacementsservice.com\/wp-content\/uploads\/2026\/02\/WhatsApp-Image-2026-01-20-at-1.21.29-PM-1-1.jpeg 1080w\" sizes=\"auto, (max-width: 819px) 100vw, 819px\" \/><\/figure>\n<\/div><\/div>\n\n<\/div><\/div><\/div><\/div>\n\n<\/div><\/div>\n\n\n<div class=\"wp-block-columns is-layout-flex wp-container-core-columns-is-layout-9d6595d7 wp-block-columns-is-layout-flex\">\n<div class=\"wp-block-column is-layout-flow wp-block-column-is-layout-flow\">\n<h2 class=\"wp-block-heading has-text-align-center has--font-size\">Why trust us?<\/h2>\n<\/div>\n<\/div>\n\n\n\n<div class=\"wp-block-columns has-theme-palette-1-color has-text-color has-link-color wp-elements-1a84f3eefe5cf678e460b3ac32259752 is-layout-flex wp-container-core-columns-is-layout-9d6595d7 wp-block-columns-is-layout-flex\">\n<div class=\"wp-block-column is-layout-flow wp-block-column-is-layout-flow\">\n<p class=\"has-text-align-center has-md-font-size\">Certified Experience<br>Our technicians receive continuous training in the latest waterproofing and safety technologies.<\/p>\n<\/div>\n\n\n\n<div class=\"wp-block-column is-layout-flow wp-block-column-is-layout-flow\">\n<p class=\"has-text-align-center has-md-font-size\">Time in the Market Since 2004 we have seen all types of climates and challenges, which gives us a unique perspective for each project.<\/p>\n\n\n\n<p class=\"has-text-align-center has-md-font-size\"><\/p>\n<\/div>\n\n\n\n<div class=\"wp-block-column is-layout-flow wp-block-column-is-layout-flow\"><style>.wp-block-kadence-advancedheading.kt-adv-heading946_5ac4d5-b6, .wp-block-kadence-advancedheading.kt-adv-heading946_5ac4d5-b6[data-kb-block=\"kb-adv-heading946_5ac4d5-b6\"]{text-align:center;font-style:normal;}.wp-block-kadence-advancedheading.kt-adv-heading946_5ac4d5-b6 mark.kt-highlight, .wp-block-kadence-advancedheading.kt-adv-heading946_5ac4d5-b6[data-kb-block=\"kb-adv-heading946_5ac4d5-b6\"] mark.kt-highlight{font-style:normal;color:#f76a0c;-webkit-box-decoration-break:clone;box-decoration-break:clone;padding-top:0px;padding-right:0px;padding-bottom:0px;padding-left:0px;}.wp-block-kadence-advancedheading.kt-adv-heading946_5ac4d5-b6 img.kb-inline-image, .wp-block-kadence-advancedheading.kt-adv-heading946_5ac4d5-b6[data-kb-block=\"kb-adv-heading946_5ac4d5-b6\"] img.kb-inline-image{width:150px;vertical-align:baseline;}<\/style>\n<p class=\"kt-adv-heading946_5ac4d5-b6 wp-block-kadence-advancedheading\" data-kb-block=\"kb-adv-heading946_5ac4d5-b6\">Direct Deal Without intermediaries. You speak directly with the owners and site managers for transparent communication.<\/p>\n<\/div>\n<\/div>\n\n\n\n<p><\/p>","protected":false},"excerpt":{"rendered":"<p>Sobre&nbsp;Nosotros Transformando techos y protegiendo hogares. En ROOF Replacement and Repair, la excelencia no es opcional, es nuestra garant\u00eda. A\u00f1os de Experiencia +5000Techos Instalados 100%Satisfacci\u00f3n Cliente 24\/7Emergencias Nuestra Historia \u201cUna Trayectoria Forjada en Calidad y Confianza\u201d Roof Replacement and Repair naci\u00f3 hace m\u00e1s de veinte a\u00f1os con un prop\u00f3sito simple pero poderoso: proteger hogares y&#8230;<\/p>","protected":false},"author":1,"featured_media":0,"parent":0,"menu_order":0,"comment_status":"closed","ping_status":"closed","template":"","meta":{"_kadence_starter_templates_imported_post":true,"_kad_post_transparent":"","_kad_post_title":"hide","_kad_post_layout":"fullwidth","_kad_post_sidebar_id":"","_kad_post_content_style":"unboxed","_kad_post_vertical_padding":"hide","_kad_post_feature":"hide","_kad_post_feature_position":"","_kad_post_header":false,"_kad_post_footer":false,"_kad_post_classname":"","footnotes":""},"class_list":["post-946","page","type-page","status-publish","hentry"],"_hostinger_reach_plugin_has_subscription_block":false,"_hostinger_reach_plugin_is_elementor":false,"_links":{"self":[{"href":"https:\/\/roofreplacementsservice.com\/en\/wp-json\/wp\/v2\/pages\/946","targetHints":{"allow":["GET"]}}],"collection":[{"href":"https:\/\/roofreplacementsservice.com\/en\/wp-json\/wp\/v2\/pages"}],"about":[{"href":"https:\/\/roofreplacementsservice.com\/en\/wp-json\/wp\/v2\/types\/page"}],"author":[{"embeddable":true,"href":"https:\/\/roofreplacementsservice.com\/en\/wp-json\/wp\/v2\/users\/1"}],"replies":[{"embeddable":true,"href":"https:\/\/roofreplacementsservice.com\/en\/wp-json\/wp\/v2\/comments?post=946"}],"version-history":[{"count":8,"href":"https:\/\/roofreplacementsservice.com\/en\/wp-json\/wp\/v2\/pages\/946\/revisions"}],"predecessor-version":[{"id":1524,"href":"https:\/\/roofreplacementsservice.com\/en\/wp-json\/wp\/v2\/pages\/946\/revisions\/1524"}],"wp:attachment":[{"href":"https:\/\/roofreplacementsservice.com\/en\/wp-json\/wp\/v2\/media?parent=946"}],"curies":[{"name":"wp","href":"https:\/\/api.w.org\/{rel}","templated":true}]}}